{"id":9732,"date":"2025-06-26T14:13:33","date_gmt":"2025-06-26T12:13:33","guid":{"rendered":"https:\/\/www.hauser.de\/?page_id=9732"},"modified":"2025-09-04T12:51:30","modified_gmt":"2025-09-04T10:51:30","slug":"accessibility","status":"publish","type":"page","link":"https:\/\/www.hauser.de\/en\/accessibility\/","title":{"rendered":"Accessibility"},"content":{"rendered":"\t\t<div data-elementor-type=\"wp-page\" data-elementor-id=\"9732\" class=\"elementor elementor-9732 elementor-9731\" data-elementor-post-type=\"page\">\n\t\t\t\t\t\t<section class=\"elementor-section elementor-top-section elementor-element elementor-element-43427c7 elementor-section-boxed elementor-section-height-default elementor-section-height-default\" data-id=\"43427c7\" data-element_type=\"section\" data-e-type=\"section\">\n\t\t\t\t\t\t<div class=\"elementor-container elementor-column-gap-default\">\n\t\t\t\t\t<div class=\"elementor-column elementor-col-50 elementor-top-column elementor-element elementor-element-c6152b8\" data-id=\"c6152b8\" data-element_type=\"column\" data-e-type=\"column\">\n\t\t\t<div class=\"elementor-widget-wrap elementor-element-populated\">\n\t\t\t\t\t\t<div class=\"elementor-element elementor-element-36f635d elementor-widget elementor-widget-heading\" data-id=\"36f635d\" data-element_type=\"widget\" data-e-type=\"widget\" data-widget_type=\"heading.default\">\n\t\t\t\t<div class=\"elementor-widget-container\">\n\t\t\t\t\t<h1 class=\"elementor-heading-title elementor-size-default\">Accessibility at Hauser Office Design<\/h1>\t\t\t\t<\/div>\n\t\t\t\t<\/div>\n\t\t\t\t\t<\/div>\n\t\t<\/div>\n\t\t\t\t<div class=\"elementor-column elementor-col-50 elementor-top-column elementor-element elementor-element-b244589 elementor-hidden-tablet\" data-id=\"b244589\" data-element_type=\"column\" data-e-type=\"column\">\n\t\t\t<div class=\"elementor-widget-wrap\">\n\t\t\t\t\t\t\t<\/div>\n\t\t<\/div>\n\t\t\t\t\t<\/div>\n\t\t<\/section>\n\t\t\t\t<section class=\"elementor-section elementor-top-section elementor-element elementor-element-52c58c1 elementor-section-boxed elementor-section-height-default elementor-section-height-default\" data-id=\"52c58c1\" data-element_type=\"section\" data-e-type=\"section\">\n\t\t\t\t\t\t<div class=\"elementor-container elementor-column-gap-default\">\n\t\t\t\t\t<div class=\"elementor-column elementor-col-100 elementor-top-column elementor-element elementor-element-1dfd66b\" data-id=\"1dfd66b\" data-element_type=\"column\" data-e-type=\"column\">\n\t\t\t<div class=\"elementor-widget-wrap elementor-element-populated\">\n\t\t\t\t\t\t<div class=\"elementor-element elementor-element-786b59f elementor-widget__width-initial elementor-widget elementor-widget-text-editor\" data-id=\"786b59f\" data-element_type=\"widget\" data-e-type=\"widget\" data-widget_type=\"text-editor.default\">\n\t\t\t\t<div class=\"elementor-widget-container\">\n\t\t\t\t\t\t\t\t\t<h2 data-start=\"222\" data-end=\"243\"><span data-start=\"222\" data-end=\"243\">As of: June 26, 2025<\/span><\/h2><p data-start=\"245\" data-end=\"537\">At Hauser Office Design, we firmly believe that good design should be accessible to everyone\u2014including online. That&#8217;s why we are currently working step by step to make our website more accessible and to implement the requirements of the <strong data-start=\"478\" data-end=\"523\">Accessibility Enhancement Act (BFSG).<\/strong> <\/p><p data-start=\"539\" data-end=\"789\">We have already begun implementing some initial measures, such as adding alternative text for images. Further optimizations, e.g., with regard to keyboard navigation, contrast, and clear navigation structures, are currently in preparation.<\/p><p data-start=\"791\" data-end=\"948\">We see accessibility as an ongoing process. We welcome questions, comments, or feedback that will help us to improve. <\/p><p data-start=\"950\" data-end=\"1062\"><strong data-start=\"950\" data-end=\"1001\">Contact for feeback of accessibility: <\/strong><a style=\"color: #000000; font-family: hauser-medium, sans-serif; font-size: 18px; font-weight: 400; background-color: #ffffff;\" rel=\"noopener\" data-start=\"1007\" data-end=\"1062\">officedesign@hauser.de<\/a><\/p><p data-start=\"1064\" data-end=\"1162\"><strong data-start=\"1064\" data-end=\"1099\">Responsible for this page:<\/strong><br data-start=\"1099\" data-end=\"1102\">Hauser Office Design GmbH<br data-start=\"1127\" data-end=\"1130\">Siemensallee 2<br data-start=\"1144\" data-end=\"1147\">D-85586 Poing<\/p><p data-start=\"1164\" data-end=\"1225\"><strong data-start=\"1164\" data-end=\"1184\">Represented by:<\/strong><br data-start=\"1184\" data-end=\"1187\">Christian Racuteanu, CEO<\/p><h3 data-start=\"1444\" data-end=\"1476\">Accessibility Statement<\/h3><p data-start=\"1477\" data-end=\"1530\"><strong data-start=\"1477\" data-end=\"1506\">Valid for: <a href=\"http:\/\/www.hauser.de\" target=\"_new\" rel=\"noopener\" data-start=\"1491\" data-end=\"1504\">www.hauser.de<\/a><\/strong><br data-start=\"1506\" data-end=\"1509\"><strong data-start=\"1509\" data-end=\"1530\">As of: 26.06.2025<\/strong><\/p><p data-start=\"1532\" data-end=\"1708\"><strong data-start=\"1532\" data-end=\"1554\">Conformity status<\/strong><br data-start=\"1554\" data-end=\"1557\">This website is <strong data-start=\"1575\" data-end=\"1601\">partially accessible<\/strong> in accordance with the requirements of <strong data-start=\"1630\" data-end=\"1653\">WCAG 2.1 (Level AA)<\/strong>. We are implementing improvements step by step. <\/p><p data-start=\"1710\" data-end=\"1743\"><strong data-start=\"1710\" data-end=\"1741\">Non-accessible content<\/strong><\/p><ul data-start=\"1744\" data-end=\"2067\"><li data-start=\"1744\" data-end=\"1826\"><p data-start=\"1746\" data-end=\"1826\">Some external images (e.g., social media widgets) do not yet have alt text.<\/p><\/li><li data-start=\"1827\" data-end=\"1913\"><p data-start=\"1829\" data-end=\"1913\">Keyboard navigation (tab control, focus indicators) is partially restricted.<\/p><\/li><li data-start=\"1914\" data-end=\"1988\"><p data-start=\"1916\" data-end=\"1988\">PDFs and documents are not yet accessible (e.g., missing tags).<\/p><\/li><li data-start=\"1989\" data-end=\"2067\"><p data-start=\"1991\" data-end=\"2067\">The structure and contrasts of lists and forms are currently being revised.<\/p><\/li><\/ul><p data-start=\"2069\" data-end=\"2260\"><strong data-start=\"2069\" data-end=\"2083\">Reason<\/strong><br data-start=\"2083\" data-end=\"2086\">Implementation will take place in consultation with our web agency and based on economic and technical considerations. External content and tools require individual adjustments. <\/p><p data-start=\"2262\" data-end=\"2276\"><strong data-start=\"2262\" data-end=\"2274\">Schedule<\/strong><\/p><ul data-start=\"2277\" data-end=\"2440\"><li data-start=\"2277\" data-end=\"2333\"><p data-start=\"2279\" data-end=\"2333\"><strong data-start=\"2279\" data-end=\"2311\">Alternative description for external images<\/strong>: until September 2025<\/p><\/li><li data-start=\"2334\" data-end=\"2394\"><p data-start=\"2336\" data-end=\"2394\"><strong data-start=\"2336\" data-end=\"2373\">Keyboard navigation &amp; focus guidance<\/strong>: until December 2025<\/p><\/li><li data-start=\"2395\" data-end=\"2440\"><p data-start=\"2397\" data-end=\"2440\"><strong data-start=\"2397\" data-end=\"2425\">PDF\/document adaptation: <\/strong>until June 2026<\/p><\/li><\/ul><p data-start=\"2442\" data-end=\"2566\"><strong data-start=\"2442\" data-end=\"2454\">Feedback<\/strong><br data-start=\"2454\" data-end=\"2457\">If you notice any barriers or have any suggestions, please write to:<br data-start=\"2538\" data-end=\"2541\"><a rel=\"noopener\" data-start=\"2544\" data-end=\"2566\">officedesign@hauser.de<\/a><\/p><p data-start=\"2568\" data-end=\"2719\"><strong data-start=\"2568\" data-end=\"2603\">Responsible for this page:<\/strong><br data-start=\"2603\" data-end=\"2606\">Hauser Office Design GmbH<br data-start=\"2631\" data-end=\"2634\">Siemensallee 2, D\u201185586 Poing, Germany<br data-start=\"2663\" data-end=\"2666\">Represented by: Christian Racuteanu, Managing Director<\/p>\t\t\t\t\t\t\t\t<\/div>\n\t\t\t\t<\/div>\n\t\t\t\t\t<\/div>\n\t\t<\/div>\n\t\t\t\t\t<\/div>\n\t\t<\/section>\n\t\t\t\t<\/div>\n\t\t","protected":false},"excerpt":{"rendered":"<p>Accessibility at Hauser Office Design As of: June 26, 2025 At Hauser Office Design, we firmly believe that good design should be accessible to everyone\u2014including online. That&#8217;s why we are currently working step by step to make our website more accessible and to implement the requirements of the Accessibility Enhancement Act (BFSG). We have already [&hellip;]<\/p>\n","protected":false},"author":6,"featured_media":0,"parent":0,"menu_order":0,"comment_status":"closed","ping_status":"closed","template":"","meta":{"footnotes":""},"class_list":["post-9732","page","type-page","status-publish","hentry"],"yoast_head":"<!-- This site is optimized with the Yoast SEO Premium plugin v23.5 (Yoast SEO v27.3) - https:\/\/yoast.com\/product\/yoast-seo-premium-wordpress\/ -->\n<title>Accessibility | Hauser Office Design GmbH<\/title>\n<meta name=\"robots\" content=\"index, follow, max-snippet:-1, max-image-preview:large, max-video-preview:-1\" \/>\n<link rel=\"canonical\" href=\"https:\/\/www.hauser.de\/en\/accessibility\/\" \/>\n<meta property=\"og:locale\" content=\"en_US\" \/>\n<meta property=\"og:type\" content=\"article\" \/>\n<meta property=\"og:title\" content=\"Accessibility\" \/>\n<meta property=\"og:description\" content=\"Accessibility at Hauser Office Design As of: June 26, 2025 At Hauser Office Design, we firmly believe that good design should be accessible to everyone\u2014including online. That&#8217;s why we are currently working step by step to make our website more accessible and to implement the requirements of the Accessibility Enhancement Act (BFSG). We have already [&hellip;]\" \/>\n<meta property=\"og:url\" content=\"https:\/\/www.hauser.de\/en\/accessibility\/\" \/>\n<meta property=\"og:site_name\" content=\"Hauser Office Design GmbH\" \/>\n<meta property=\"article:publisher\" content=\"https:\/\/www.facebook.com\/happypeoplespace\/\" \/>\n<meta property=\"article:modified_time\" content=\"2025-09-04T10:51:30+00:00\" \/>\n<meta name=\"twitter:card\" content=\"summary_large_image\" \/>\n<meta name=\"twitter:label1\" content=\"Est. reading time\" \/>\n\t<meta name=\"twitter:data1\" content=\"2 minutes\" \/>\n<script type=\"application\/ld+json\" class=\"yoast-schema-graph\">{\"@context\":\"https:\\\/\\\/schema.org\",\"@graph\":[{\"@type\":\"WebPage\",\"@id\":\"https:\\\/\\\/www.hauser.de\\\/en\\\/accessibility\\\/\",\"url\":\"https:\\\/\\\/www.hauser.de\\\/en\\\/accessibility\\\/\",\"name\":\"Accessibility | Hauser Office Design GmbH\",\"isPartOf\":{\"@id\":\"https:\\\/\\\/www.hauser.de\\\/en\\\/#website\"},\"datePublished\":\"2025-06-26T12:13:33+00:00\",\"dateModified\":\"2025-09-04T10:51:30+00:00\",\"breadcrumb\":{\"@id\":\"https:\\\/\\\/www.hauser.de\\\/en\\\/accessibility\\\/#breadcrumb\"},\"inLanguage\":\"en-US\",\"potentialAction\":[{\"@type\":\"ReadAction\",\"target\":[\"https:\\\/\\\/www.hauser.de\\\/en\\\/accessibility\\\/\"]}]},{\"@type\":\"BreadcrumbList\",\"@id\":\"https:\\\/\\\/www.hauser.de\\\/en\\\/accessibility\\\/#breadcrumb\",\"itemListElement\":[{\"@type\":\"ListItem\",\"position\":1,\"name\":\"Startseite\",\"item\":\"https:\\\/\\\/www.hauser.de\\\/en\\\/\"},{\"@type\":\"ListItem\",\"position\":2,\"name\":\"Accessibility\"}]},{\"@type\":\"WebSite\",\"@id\":\"https:\\\/\\\/www.hauser.de\\\/en\\\/#website\",\"url\":\"https:\\\/\\\/www.hauser.de\\\/en\\\/\",\"name\":\"Hauser Office Design GmbH\",\"description\":\"B\u00fcrom\u00f6bel und B\u00fcroeinrichtung M\u00fcnchen\",\"publisher\":{\"@id\":\"https:\\\/\\\/www.hauser.de\\\/en\\\/#organization\"},\"potentialAction\":[{\"@type\":\"SearchAction\",\"target\":{\"@type\":\"EntryPoint\",\"urlTemplate\":\"https:\\\/\\\/www.hauser.de\\\/en\\\/?s={search_term_string}\"},\"query-input\":{\"@type\":\"PropertyValueSpecification\",\"valueRequired\":true,\"valueName\":\"search_term_string\"}}],\"inLanguage\":\"en-US\"},{\"@type\":\"Organization\",\"@id\":\"https:\\\/\\\/www.hauser.de\\\/en\\\/#organization\",\"name\":\"Hauser Office Design GmbH\",\"url\":\"https:\\\/\\\/www.hauser.de\\\/en\\\/\",\"logo\":{\"@type\":\"ImageObject\",\"inLanguage\":\"en-US\",\"@id\":\"https:\\\/\\\/www.hauser.de\\\/en\\\/#\\\/schema\\\/logo\\\/image\\\/\",\"url\":\"http:\\\/\\\/www.hauser.de\\\/wp-content\\\/uploads\\\/2022\\\/04\\\/cropped-favicon.png\",\"contentUrl\":\"http:\\\/\\\/www.hauser.de\\\/wp-content\\\/uploads\\\/2022\\\/04\\\/cropped-favicon.png\",\"width\":512,\"height\":512,\"caption\":\"Hauser Office Design GmbH\"},\"image\":{\"@id\":\"https:\\\/\\\/www.hauser.de\\\/en\\\/#\\\/schema\\\/logo\\\/image\\\/\"},\"sameAs\":[\"https:\\\/\\\/www.facebook.com\\\/happypeoplespace\\\/\",\"https:\\\/\\\/de.linkedin.com\\\/company\\\/hauser-office-design-gmbh\",\"https:\\\/\\\/www.instagram.com\\\/hauseroffice\\\/\"]}]}<\/script>\n<!-- \/ Yoast SEO Premium plugin. -->","yoast_head_json":{"title":"Accessibility | Hauser Office Design GmbH","robots":{"index":"index","follow":"follow","max-snippet":"max-snippet:-1","max-image-preview":"max-image-preview:large","max-video-preview":"max-video-preview:-1"},"canonical":"https:\/\/www.hauser.de\/en\/accessibility\/","og_locale":"en_US","og_type":"article","og_title":"Accessibility","og_description":"Accessibility at Hauser Office Design As of: June 26, 2025 At Hauser Office Design, we firmly believe that good design should be accessible to everyone\u2014including online. That&#8217;s why we are currently working step by step to make our website more accessible and to implement the requirements of the Accessibility Enhancement Act (BFSG). We have already [&hellip;]","og_url":"https:\/\/www.hauser.de\/en\/accessibility\/","og_site_name":"Hauser Office Design GmbH","article_publisher":"https:\/\/www.facebook.com\/happypeoplespace\/","article_modified_time":"2025-09-04T10:51:30+00:00","twitter_card":"summary_large_image","twitter_misc":{"Est. reading time":"2 minutes"},"schema":{"@context":"https:\/\/schema.org","@graph":[{"@type":"WebPage","@id":"https:\/\/www.hauser.de\/en\/accessibility\/","url":"https:\/\/www.hauser.de\/en\/accessibility\/","name":"Accessibility | Hauser Office Design GmbH","isPartOf":{"@id":"https:\/\/www.hauser.de\/en\/#website"},"datePublished":"2025-06-26T12:13:33+00:00","dateModified":"2025-09-04T10:51:30+00:00","breadcrumb":{"@id":"https:\/\/www.hauser.de\/en\/accessibility\/#breadcrumb"},"inLanguage":"en-US","potentialAction":[{"@type":"ReadAction","target":["https:\/\/www.hauser.de\/en\/accessibility\/"]}]},{"@type":"BreadcrumbList","@id":"https:\/\/www.hauser.de\/en\/accessibility\/#breadcrumb","itemListElement":[{"@type":"ListItem","position":1,"name":"Startseite","item":"https:\/\/www.hauser.de\/en\/"},{"@type":"ListItem","position":2,"name":"Accessibility"}]},{"@type":"WebSite","@id":"https:\/\/www.hauser.de\/en\/#website","url":"https:\/\/www.hauser.de\/en\/","name":"Hauser Office Design GmbH","description":"B\u00fcrom\u00f6bel und B\u00fcroeinrichtung M\u00fcnchen","publisher":{"@id":"https:\/\/www.hauser.de\/en\/#organization"},"potentialAction":[{"@type":"SearchAction","target":{"@type":"EntryPoint","urlTemplate":"https:\/\/www.hauser.de\/en\/?s={search_term_string}"},"query-input":{"@type":"PropertyValueSpecification","valueRequired":true,"valueName":"search_term_string"}}],"inLanguage":"en-US"},{"@type":"Organization","@id":"https:\/\/www.hauser.de\/en\/#organization","name":"Hauser Office Design GmbH","url":"https:\/\/www.hauser.de\/en\/","logo":{"@type":"ImageObject","inLanguage":"en-US","@id":"https:\/\/www.hauser.de\/en\/#\/schema\/logo\/image\/","url":"http:\/\/www.hauser.de\/wp-content\/uploads\/2022\/04\/cropped-favicon.png","contentUrl":"http:\/\/www.hauser.de\/wp-content\/uploads\/2022\/04\/cropped-favicon.png","width":512,"height":512,"caption":"Hauser Office Design GmbH"},"image":{"@id":"https:\/\/www.hauser.de\/en\/#\/schema\/logo\/image\/"},"sameAs":["https:\/\/www.facebook.com\/happypeoplespace\/","https:\/\/de.linkedin.com\/company\/hauser-office-design-gmbh","https:\/\/www.instagram.com\/hauseroffice\/"]}]}},"_links":{"self":[{"href":"https:\/\/www.hauser.de\/en\/wp-json\/wp\/v2\/pages\/9732","targetHints":{"allow":["GET"]}}],"collection":[{"href":"https:\/\/www.hauser.de\/en\/wp-json\/wp\/v2\/pages"}],"about":[{"href":"https:\/\/www.hauser.de\/en\/wp-json\/wp\/v2\/types\/page"}],"author":[{"embeddable":true,"href":"https:\/\/www.hauser.de\/en\/wp-json\/wp\/v2\/users\/6"}],"replies":[{"embeddable":true,"href":"https:\/\/www.hauser.de\/en\/wp-json\/wp\/v2\/comments?post=9732"}],"version-history":[{"count":8,"href":"https:\/\/www.hauser.de\/en\/wp-json\/wp\/v2\/pages\/9732\/revisions"}],"predecessor-version":[{"id":10211,"href":"https:\/\/www.hauser.de\/en\/wp-json\/wp\/v2\/pages\/9732\/revisions\/10211"}],"wp:attachment":[{"href":"https:\/\/www.hauser.de\/en\/wp-json\/wp\/v2\/media?parent=9732"}],"curies":[{"name":"wp","href":"https:\/\/api.w.org\/{rel}","templated":true}]}}