{"id":5071,"date":"2022-05-11T17:26:41","date_gmt":"2022-05-11T15:26:41","guid":{"rendered":"http:\/\/hauser.de\/contact\/"},"modified":"2022-07-07T11:30:23","modified_gmt":"2022-07-07T09:30:23","slug":"contact","status":"publish","type":"page","link":"https:\/\/www.hauser.de\/en\/contact\/","title":{"rendered":"Contact"},"content":{"rendered":"\t\t<div data-elementor-type=\"wp-page\" data-elementor-id=\"5071\" class=\"elementor elementor-5071 elementor-2781\" data-elementor-post-type=\"page\">\n\t\t\t\t\t\t<section class=\"elementor-section elementor-top-section elementor-element elementor-element-49f55c1 elementor-section-height-min-height elementor-section-boxed elementor-section-height-default elementor-section-items-middle\" data-id=\"49f55c1\" data-element_type=\"section\" data-e-type=\"section\" data-settings=\"{&quot;background_background&quot;:&quot;classic&quot;}\">\n\t\t\t\t\t\t<div class=\"elementor-container elementor-column-gap-default\">\n\t\t\t\t\t<div class=\"elementor-column elementor-col-100 elementor-top-column elementor-element elementor-element-d3e4112\" data-id=\"d3e4112\" data-element_type=\"column\" data-e-type=\"column\">\n\t\t\t<div class=\"elementor-widget-wrap\">\n\t\t\t\t\t\t\t<\/div>\n\t\t<\/div>\n\t\t\t\t\t<\/div>\n\t\t<\/section>\n\t\t\t\t<section class=\"elementor-section elementor-top-section elementor-element elementor-element-37f005b elementor-section-boxed elementor-section-height-default elementor-section-height-default\" data-id=\"37f005b\" data-element_type=\"section\" data-e-type=\"section\">\n\t\t\t\t\t\t<div class=\"elementor-container elementor-column-gap-default\">\n\t\t\t\t\t<div class=\"elementor-column elementor-col-100 elementor-top-column elementor-element elementor-element-f7dd2c1\" data-id=\"f7dd2c1\" data-element_type=\"column\" data-e-type=\"column\">\n\t\t\t<div class=\"elementor-widget-wrap elementor-element-populated\">\n\t\t\t\t\t\t<div class=\"elementor-element elementor-element-c3db062 elementor-widget elementor-widget-heading\" data-id=\"c3db062\" data-element_type=\"widget\" data-e-type=\"widget\" data-widget_type=\"heading.default\">\n\t\t\t\t<div class=\"elementor-widget-container\">\n\t\t\t\t\t<h2 class=\"elementor-heading-title elementor-size-default\">We are here for you<\/h2>\t\t\t\t<\/div>\n\t\t\t\t<\/div>\n\t\t\t\t\t<\/div>\n\t\t<\/div>\n\t\t\t\t\t<\/div>\n\t\t<\/section>\n\t\t\t\t<section class=\"elementor-section elementor-top-section elementor-element elementor-element-cec7ca9 elementor-section-boxed elementor-section-height-default elementor-section-height-default\" data-id=\"cec7ca9\" data-element_type=\"section\" data-e-type=\"section\">\n\t\t\t\t\t\t<div class=\"elementor-container elementor-column-gap-default\">\n\t\t\t\t\t<div class=\"elementor-column elementor-col-50 elementor-top-column elementor-element elementor-element-ce40127\" data-id=\"ce40127\" data-element_type=\"column\" data-e-type=\"column\">\n\t\t\t<div class=\"elementor-widget-wrap elementor-element-populated\">\n\t\t\t\t\t\t<div class=\"elementor-element elementor-element-512a0b7 elementor-widget elementor-widget-text-editor\" data-id=\"512a0b7\" data-element_type=\"widget\" data-e-type=\"widget\" data-widget_type=\"text-editor.default\">\n\t\t\t\t<div class=\"elementor-widget-container\">\n\t\t\t\t\t\t\t\t\tDo you have questions about one of our products or services? Simply fill out our contact form and we will get back to you as soon as possible.\t\t\t\t\t\t\t\t<\/div>\n\t\t\t\t<\/div>\n\t\t\t\t\t<\/div>\n\t\t<\/div>\n\t\t\t\t<div class=\"elementor-column elementor-col-50 elementor-top-column elementor-element elementor-element-f631b1e\" data-id=\"f631b1e\" data-element_type=\"column\" data-e-type=\"column\">\n\t\t\t<div class=\"elementor-widget-wrap\">\n\t\t\t\t\t\t\t<\/div>\n\t\t<\/div>\n\t\t\t\t\t<\/div>\n\t\t<\/section>\n\t\t\t\t<section class=\"elementor-section elementor-top-section elementor-element elementor-element-e0dd79a elementor-section-content-middle elementor-section-boxed elementor-section-height-default elementor-section-height-default\" data-id=\"e0dd79a\" data-element_type=\"section\" data-e-type=\"section\">\n\t\t\t\t\t\t<div class=\"elementor-container elementor-column-gap-default\">\n\t\t\t\t\t<div class=\"elementor-column elementor-col-33 elementor-top-column elementor-element elementor-element-2c28575\" data-id=\"2c28575\" data-element_type=\"column\" data-e-type=\"column\">\n\t\t\t<div class=\"elementor-widget-wrap elementor-element-populated\">\n\t\t\t\t\t\t<div class=\"elementor-element elementor-element-5604191 elementor-widget elementor-widget-image\" data-id=\"5604191\" data-element_type=\"widget\" data-e-type=\"widget\" data-widget_type=\"image.default\">\n\t\t\t\t<div class=\"elementor-widget-container\">\n\t\t\t\t\t\t\t\t\t\t\t\t\t\t\t<img fetchpriority=\"high\" decoding=\"async\" width=\"897\" height=\"1514\" src=\"http:\/\/www.hauser.de\/wp-content\/uploads\/2022\/05\/kontakt_content_01.jpg\" class=\"attachment-full size-full wp-image-2796\" alt=\"\" srcset=\"http:\/\/www.hauser.de\/wp-content\/uploads\/2022\/05\/kontakt_content_01.jpg 897w, http:\/\/www.hauser.de\/wp-content\/uploads\/2022\/05\/kontakt_content_01-178x300.jpg 178w, http:\/\/www.hauser.de\/wp-content\/uploads\/2022\/05\/kontakt_content_01-607x1024.jpg 607w, http:\/\/www.hauser.de\/wp-content\/uploads\/2022\/05\/kontakt_content_01-768x1296.jpg 768w\" sizes=\"(max-width: 897px) 100vw, 897px\" \/>\t\t\t\t\t\t\t\t\t\t\t\t\t\t\t<\/div>\n\t\t\t\t<\/div>\n\t\t\t\t\t<\/div>\n\t\t<\/div>\n\t\t\t\t<div class=\"elementor-column elementor-col-33 elementor-top-column elementor-element elementor-element-bf16b96\" data-id=\"bf16b96\" data-element_type=\"column\" data-e-type=\"column\">\n\t\t\t<div class=\"elementor-widget-wrap\">\n\t\t\t\t\t\t\t<\/div>\n\t\t<\/div>\n\t\t\t\t<div class=\"elementor-column elementor-col-33 elementor-top-column elementor-element elementor-element-d8a73c0\" data-id=\"d8a73c0\" data-element_type=\"column\" data-e-type=\"column\">\n\t\t\t<div class=\"elementor-widget-wrap elementor-element-populated\">\n\t\t\t\t\t\t<div class=\"elementor-element elementor-element-f44614e elementor-widget elementor-widget-heading\" data-id=\"f44614e\" data-element_type=\"widget\" data-e-type=\"widget\" data-widget_type=\"heading.default\">\n\t\t\t\t<div class=\"elementor-widget-container\">\n\t\t\t\t\t<h2 class=\"elementor-heading-title elementor-size-default\">Contact<\/h2>\t\t\t\t<\/div>\n\t\t\t\t<\/div>\n\t\t\t\t<div class=\"elementor-element elementor-element-8e03261 elementor-widget elementor-widget-html\" data-id=\"8e03261\" data-element_type=\"widget\" data-e-type=\"widget\" data-widget_type=\"html.default\">\n\t\t\t\t<div class=\"elementor-widget-container\">\n\t\t\t\t\t<div class=\"wpforms-container wpforms-container-full\" id=\"wpforms-5073\"><form id=\"wpforms-form-5073\" class=\"wpforms-validate wpforms-form wpforms-ajax-form\" data-formid=\"5073\" method=\"post\" enctype=\"multipart\/form-data\" action=\"\/en\/wp-json\/wp\/v2\/pages\/5071\" data-token=\"30f64c3b33711eb23f720774a28277c0\" data-token-time=\"1776953288\"><noscript class=\"wpforms-error-noscript\">Please enable JavaScript in your browser to complete this form.<\/noscript><div class=\"wpforms-field-container\"><div id=\"wpforms-5073-field_1-container\" class=\"wpforms-field wpforms-field-select wpforms-one-half wpforms-first wpforms-one-third wpforms-field-select-style-modern\" data-field-id=\"1\"><label class=\"wpforms-field-label\" for=\"wpforms-5073-field_1\">Salutation<\/label><select id=\"wpforms-5073-field_1\" class=\"wpforms-field-large choicesjs-select\" data-size-class=\"wpforms-field-row wpforms-field-large\" data-search-enabled=\"\" name=\"wpforms[fields][1]\"><option value=\"\" class=\"placeholder\" disabled  selected='selected'><\/option><option value=\"Mr\"  class=\"choice-1 depth-1\"  >Mr<\/option><option value=\"Mrs. \/ Ms.\"  class=\"choice-2 depth-1\"  >Mrs. \/ Ms.<\/option><option value=\"Diverse\"  class=\"choice-3 depth-1\"  >Diverse<\/option><\/select><\/div><div id=\"wpforms-5073-field_2-container\" class=\"wpforms-field wpforms-field-name wpforms-one-half wpforms-two-thirds\" data-field-id=\"2\"><label class=\"wpforms-field-label\" for=\"wpforms-5073-field_2\">Your name <span class=\"wpforms-required-label\">*<\/span><\/label><div class=\"wpforms-field-row wpforms-field-large\"><div class=\"wpforms-field-row-block wpforms-first wpforms-one-half\"><input type=\"text\" id=\"wpforms-5073-field_2\" class=\"wpforms-field-name-first wpforms-field-required\" name=\"wpforms[fields][2][first]\" placeholder=\"First name\" required><label for=\"wpforms-5073-field_2\" class=\"wpforms-field-sublabel after wpforms-sublabel-hide\">First<\/label><\/div><div class=\"wpforms-field-row-block wpforms-one-half\"><input type=\"text\" id=\"wpforms-5073-field_2-last\" class=\"wpforms-field-name-last wpforms-field-required\" name=\"wpforms[fields][2][last]\" placeholder=\"Last name\" required><label for=\"wpforms-5073-field_2-last\" class=\"wpforms-field-sublabel after wpforms-sublabel-hide\">Last<\/label><\/div><\/div><\/div><div id=\"wpforms-5073-field_3-container\" class=\"wpforms-field wpforms-field-email wpforms-one-half wpforms-first\" data-field-id=\"3\"><label class=\"wpforms-field-label\" for=\"wpforms-5073-field_3\">E-mail address <span class=\"wpforms-required-label\">*<\/span><\/label><input type=\"email\" id=\"wpforms-5073-field_3\" class=\"wpforms-field-large wpforms-field-required\" name=\"wpforms[fields][3]\" placeholder=\"name@workspace.com\" spellcheck=\"false\" required><\/div><div id=\"wpforms-5073-field_4-container\" class=\"wpforms-field wpforms-field-phone wpforms-one-half\" data-field-id=\"4\"><label class=\"wpforms-field-label\" for=\"wpforms-5073-field_4\">Phone number<\/label><input type=\"tel\" id=\"wpforms-5073-field_4\" class=\"wpforms-field-large wpforms-smart-phone-field\" data-rule-smart-phone-field=\"true\" name=\"wpforms[fields][4]\" placeholder=\"+49 123 456 789\" aria-label=\"Phone number\" ><\/div><div id=\"wpforms-5073-field_5-container\" class=\"wpforms-field wpforms-field-text\" data-field-id=\"5\"><label class=\"wpforms-field-label\" for=\"wpforms-5073-field_5\">Company<\/label><input type=\"text\" id=\"wpforms-5073-field_5\" class=\"wpforms-field-large\" name=\"wpforms[fields][5]\" placeholder=\"Company name\" ><\/div><div id=\"wpforms-5073-field_6-container\" class=\"wpforms-field wpforms-field-textarea\" data-field-id=\"6\"><label class=\"wpforms-field-label\" for=\"wpforms-5073-field_6\">Message<\/label><textarea id=\"wpforms-5073-field_6\" class=\"wpforms-field-large\" name=\"wpforms[fields][6]\" placeholder=\"Your message ...\" ><\/textarea><\/div><\/div><!-- .wpforms-field-container --><div class=\"wpforms-recaptcha-container wpforms-is-hcaptcha\" ><div class=\"h-captcha\" data-sitekey=\"a999692b-2745-4a3c-9ec1-c49874982226\"><\/div><input type=\"text\" name=\"g-recaptcha-hidden\" class=\"wpforms-recaptcha-hidden\" style=\"position:absolute!important;clip:rect(0,0,0,0)!important;height:1px!important;width:1px!important;border:0!important;overflow:hidden!important;padding:0!important;margin:0!important;\" data-rule-hcaptcha=\"1\"><\/div><div class=\"wpforms-submit-container\" ><input type=\"hidden\" name=\"wpforms[id]\" value=\"5073\"><input type=\"hidden\" name=\"page_title\" value=\"\"><input type=\"hidden\" name=\"page_url\" value=\"https:\/\/www.hauser.de\/en\/wp-json\/wp\/v2\/pages\/5071\"><input type=\"hidden\" name=\"url_referer\" value=\"\"><button type=\"submit\" name=\"wpforms[submit]\" id=\"wpforms-submit-5073\" class=\"wpforms-submit\" data-alt-text=\"Sending\u2026\" data-submit-text=\"Send inquiry\" aria-live=\"assertive\" value=\"wpforms-submit\">Send inquiry<\/button><img decoding=\"async\" data-src=\"https:\/\/www.hauser.de\/wp-content\/plugins\/wpforms\/assets\/images\/submit-spin.svg\" class=\"wpforms-submit-spinner lazyload\" style=\"--smush-placeholder-width: 26px; --smush-placeholder-aspect-ratio: 26\/26;display: none;\" width=\"26\" height=\"26\" alt=\"Loading\" src=\"data:image\/svg+xml;base64,PHN2ZyB3aWR0aD0iMSIgaGVpZ2h0PSIxIiB4bWxucz0iaHR0cDovL3d3dy53My5vcmcvMjAwMC9zdmciPjwvc3ZnPg==\"><\/div><\/form><\/div>  <!-- .wpforms-container -->\t\t\t\t<\/div>\n\t\t\t\t<\/div>\n\t\t\t\t\t<\/div>\n\t\t<\/div>\n\t\t\t\t\t<\/div>\n\t\t<\/section>\n\t\t\t\t<\/div>\n\t\t","protected":false},"excerpt":{"rendered":"<p>We are here for you Do you have questions about one of our products or services? Simply fill out our contact form and we will get back to you as soon as possible. Contact<\/p>\n","protected":false},"author":1,"featured_media":0,"parent":0,"menu_order":0,"comment_status":"closed","ping_status":"closed","template":"","meta":{"footnotes":""},"class_list":["post-5071","page","type-page","status-publish","hentry"],"yoast_head":"<!-- This site is optimized with the Yoast SEO Premium plugin v23.5 (Yoast SEO v27.4) - https:\/\/yoast.com\/product\/yoast-seo-premium-wordpress\/ -->\n<title>Contact | Hauser Office Design GmbH<\/title>\n<meta name=\"robots\" content=\"index, follow, max-snippet:-1, max-image-preview:large, max-video-preview:-1\" \/>\n<link rel=\"canonical\" href=\"https:\/\/www.hauser.de\/en\/contact\/\" \/>\n<meta property=\"og:locale\" content=\"en_US\" \/>\n<meta property=\"og:type\" content=\"article\" \/>\n<meta property=\"og:title\" content=\"Contact\" \/>\n<meta property=\"og:description\" content=\"We are here for you Do you have questions about one of our products or services? Simply fill out our contact form and we will get back to you as soon as possible. Contact\" \/>\n<meta property=\"og:url\" content=\"https:\/\/www.hauser.de\/en\/contact\/\" \/>\n<meta property=\"og:site_name\" content=\"Hauser Office Design GmbH\" \/>\n<meta property=\"article:publisher\" content=\"https:\/\/www.facebook.com\/happypeoplespace\/\" \/>\n<meta property=\"article:modified_time\" content=\"2022-07-07T09:30:23+00:00\" \/>\n<meta property=\"og:image\" content=\"http:\/\/hauser.de\/wp-content\/uploads\/2022\/05\/kontakt_content_01.jpg\" \/>\n<meta name=\"twitter:card\" content=\"summary_large_image\" \/>\n<script type=\"application\/ld+json\" class=\"yoast-schema-graph\">{\"@context\":\"https:\\\/\\\/schema.org\",\"@graph\":[{\"@type\":\"WebPage\",\"@id\":\"https:\\\/\\\/www.hauser.de\\\/en\\\/contact\\\/\",\"url\":\"https:\\\/\\\/www.hauser.de\\\/en\\\/contact\\\/\",\"name\":\"Contact | Hauser Office Design GmbH\",\"isPartOf\":{\"@id\":\"http:\\\/\\\/www.hauser.de\\\/en\\\/#website\"},\"primaryImageOfPage\":{\"@id\":\"https:\\\/\\\/www.hauser.de\\\/en\\\/contact\\\/#primaryimage\"},\"image\":{\"@id\":\"https:\\\/\\\/www.hauser.de\\\/en\\\/contact\\\/#primaryimage\"},\"thumbnailUrl\":\"http:\\\/\\\/hauser.de\\\/wp-content\\\/uploads\\\/2022\\\/05\\\/kontakt_content_01.jpg\",\"datePublished\":\"2022-05-11T15:26:41+00:00\",\"dateModified\":\"2022-07-07T09:30:23+00:00\",\"breadcrumb\":{\"@id\":\"https:\\\/\\\/www.hauser.de\\\/en\\\/contact\\\/#breadcrumb\"},\"inLanguage\":\"en-US\",\"potentialAction\":[{\"@type\":\"ReadAction\",\"target\":[\"https:\\\/\\\/www.hauser.de\\\/en\\\/contact\\\/\"]}]},{\"@type\":\"ImageObject\",\"inLanguage\":\"en-US\",\"@id\":\"https:\\\/\\\/www.hauser.de\\\/en\\\/contact\\\/#primaryimage\",\"url\":\"http:\\\/\\\/hauser.de\\\/wp-content\\\/uploads\\\/2022\\\/05\\\/kontakt_content_01.jpg\",\"contentUrl\":\"http:\\\/\\\/hauser.de\\\/wp-content\\\/uploads\\\/2022\\\/05\\\/kontakt_content_01.jpg\"},{\"@type\":\"BreadcrumbList\",\"@id\":\"https:\\\/\\\/www.hauser.de\\\/en\\\/contact\\\/#breadcrumb\",\"itemListElement\":[{\"@type\":\"ListItem\",\"position\":1,\"name\":\"Startseite\",\"item\":\"http:\\\/\\\/www.hauser.de\\\/en\\\/\"},{\"@type\":\"ListItem\",\"position\":2,\"name\":\"Contact\"}]},{\"@type\":\"WebSite\",\"@id\":\"http:\\\/\\\/www.hauser.de\\\/en\\\/#website\",\"url\":\"http:\\\/\\\/www.hauser.de\\\/en\\\/\",\"name\":\"Hauser Office Design GmbH\",\"description\":\"B\u00fcrom\u00f6bel und B\u00fcroeinrichtung M\u00fcnchen\",\"publisher\":{\"@id\":\"http:\\\/\\\/www.hauser.de\\\/en\\\/#organization\"},\"potentialAction\":[{\"@type\":\"SearchAction\",\"target\":{\"@type\":\"EntryPoint\",\"urlTemplate\":\"http:\\\/\\\/www.hauser.de\\\/en\\\/?s={search_term_string}\"},\"query-input\":{\"@type\":\"PropertyValueSpecification\",\"valueRequired\":true,\"valueName\":\"search_term_string\"}}],\"inLanguage\":\"en-US\"},{\"@type\":\"Organization\",\"@id\":\"http:\\\/\\\/www.hauser.de\\\/en\\\/#organization\",\"name\":\"Hauser Office Design GmbH\",\"url\":\"http:\\\/\\\/www.hauser.de\\\/en\\\/\",\"logo\":{\"@type\":\"ImageObject\",\"inLanguage\":\"en-US\",\"@id\":\"http:\\\/\\\/www.hauser.de\\\/en\\\/#\\\/schema\\\/logo\\\/image\\\/\",\"url\":\"http:\\\/\\\/www.hauser.de\\\/wp-content\\\/uploads\\\/2022\\\/04\\\/cropped-favicon.png\",\"contentUrl\":\"http:\\\/\\\/www.hauser.de\\\/wp-content\\\/uploads\\\/2022\\\/04\\\/cropped-favicon.png\",\"width\":512,\"height\":512,\"caption\":\"Hauser Office Design GmbH\"},\"image\":{\"@id\":\"http:\\\/\\\/www.hauser.de\\\/en\\\/#\\\/schema\\\/logo\\\/image\\\/\"},\"sameAs\":[\"https:\\\/\\\/www.facebook.com\\\/happypeoplespace\\\/\",\"https:\\\/\\\/de.linkedin.com\\\/company\\\/hauser-office-design-gmbh\",\"https:\\\/\\\/www.instagram.com\\\/hauseroffice\\\/\"]}]}<\/script>\n<!-- \/ Yoast SEO Premium plugin. -->","yoast_head_json":{"title":"Contact | Hauser Office Design GmbH","robots":{"index":"index","follow":"follow","max-snippet":"max-snippet:-1","max-image-preview":"max-image-preview:large","max-video-preview":"max-video-preview:-1"},"canonical":"https:\/\/www.hauser.de\/en\/contact\/","og_locale":"en_US","og_type":"article","og_title":"Contact","og_description":"We are here for you Do you have questions about one of our products or services? Simply fill out our contact form and we will get back to you as soon as possible. Contact","og_url":"https:\/\/www.hauser.de\/en\/contact\/","og_site_name":"Hauser Office Design GmbH","article_publisher":"https:\/\/www.facebook.com\/happypeoplespace\/","article_modified_time":"2022-07-07T09:30:23+00:00","og_image":[{"url":"http:\/\/hauser.de\/wp-content\/uploads\/2022\/05\/kontakt_content_01.jpg","type":"","width":"","height":""}],"twitter_card":"summary_large_image","schema":{"@context":"https:\/\/schema.org","@graph":[{"@type":"WebPage","@id":"https:\/\/www.hauser.de\/en\/contact\/","url":"https:\/\/www.hauser.de\/en\/contact\/","name":"Contact | Hauser Office Design GmbH","isPartOf":{"@id":"http:\/\/www.hauser.de\/en\/#website"},"primaryImageOfPage":{"@id":"https:\/\/www.hauser.de\/en\/contact\/#primaryimage"},"image":{"@id":"https:\/\/www.hauser.de\/en\/contact\/#primaryimage"},"thumbnailUrl":"http:\/\/hauser.de\/wp-content\/uploads\/2022\/05\/kontakt_content_01.jpg","datePublished":"2022-05-11T15:26:41+00:00","dateModified":"2022-07-07T09:30:23+00:00","breadcrumb":{"@id":"https:\/\/www.hauser.de\/en\/contact\/#breadcrumb"},"inLanguage":"en-US","potentialAction":[{"@type":"ReadAction","target":["https:\/\/www.hauser.de\/en\/contact\/"]}]},{"@type":"ImageObject","inLanguage":"en-US","@id":"https:\/\/www.hauser.de\/en\/contact\/#primaryimage","url":"http:\/\/hauser.de\/wp-content\/uploads\/2022\/05\/kontakt_content_01.jpg","contentUrl":"http:\/\/hauser.de\/wp-content\/uploads\/2022\/05\/kontakt_content_01.jpg"},{"@type":"BreadcrumbList","@id":"https:\/\/www.hauser.de\/en\/contact\/#breadcrumb","itemListElement":[{"@type":"ListItem","position":1,"name":"Startseite","item":"http:\/\/www.hauser.de\/en\/"},{"@type":"ListItem","position":2,"name":"Contact"}]},{"@type":"WebSite","@id":"http:\/\/www.hauser.de\/en\/#website","url":"http:\/\/www.hauser.de\/en\/","name":"Hauser Office Design GmbH","description":"B\u00fcrom\u00f6bel und B\u00fcroeinrichtung M\u00fcnchen","publisher":{"@id":"http:\/\/www.hauser.de\/en\/#organization"},"potentialAction":[{"@type":"SearchAction","target":{"@type":"EntryPoint","urlTemplate":"http:\/\/www.hauser.de\/en\/?s={search_term_string}"},"query-input":{"@type":"PropertyValueSpecification","valueRequired":true,"valueName":"search_term_string"}}],"inLanguage":"en-US"},{"@type":"Organization","@id":"http:\/\/www.hauser.de\/en\/#organization","name":"Hauser Office Design GmbH","url":"http:\/\/www.hauser.de\/en\/","logo":{"@type":"ImageObject","inLanguage":"en-US","@id":"http:\/\/www.hauser.de\/en\/#\/schema\/logo\/image\/","url":"http:\/\/www.hauser.de\/wp-content\/uploads\/2022\/04\/cropped-favicon.png","contentUrl":"http:\/\/www.hauser.de\/wp-content\/uploads\/2022\/04\/cropped-favicon.png","width":512,"height":512,"caption":"Hauser Office Design GmbH"},"image":{"@id":"http:\/\/www.hauser.de\/en\/#\/schema\/logo\/image\/"},"sameAs":["https:\/\/www.facebook.com\/happypeoplespace\/","https:\/\/de.linkedin.com\/company\/hauser-office-design-gmbh","https:\/\/www.instagram.com\/hauseroffice\/"]}]}},"_links":{"self":[{"href":"https:\/\/www.hauser.de\/en\/wp-json\/wp\/v2\/pages\/5071","targetHints":{"allow":["GET"]}}],"collection":[{"href":"https:\/\/www.hauser.de\/en\/wp-json\/wp\/v2\/pages"}],"about":[{"href":"https:\/\/www.hauser.de\/en\/wp-json\/wp\/v2\/types\/page"}],"author":[{"embeddable":true,"href":"https:\/\/www.hauser.de\/en\/wp-json\/wp\/v2\/users\/1"}],"replies":[{"embeddable":true,"href":"https:\/\/www.hauser.de\/en\/wp-json\/wp\/v2\/comments?post=5071"}],"version-history":[{"count":0,"href":"https:\/\/www.hauser.de\/en\/wp-json\/wp\/v2\/pages\/5071\/revisions"}],"wp:attachment":[{"href":"https:\/\/www.hauser.de\/en\/wp-json\/wp\/v2\/media?parent=5071"}],"curies":[{"name":"wp","href":"https:\/\/api.w.org\/{rel}","templated":true}]}}