{"id":5049,"date":"2022-05-17T16:37:49","date_gmt":"2022-05-17T14:37:49","guid":{"rendered":"http:\/\/hauser.de\/imprint\/"},"modified":"2022-07-06T15:22:21","modified_gmt":"2022-07-06T13:22:21","slug":"legal","status":"publish","type":"page","link":"https:\/\/www.hauser.de\/en\/legal\/","title":{"rendered":"Legal"},"content":{"rendered":"\t\t<div data-elementor-type=\"wp-page\" data-elementor-id=\"5049\" class=\"elementor elementor-5049 elementor-3480\" data-elementor-post-type=\"page\">\n\t\t\t\t\t\t<section class=\"elementor-section elementor-top-section elementor-element elementor-element-43427c7 elementor-section-boxed elementor-section-height-default elementor-section-height-default\" data-id=\"43427c7\" data-element_type=\"section\" data-e-type=\"section\">\n\t\t\t\t\t\t<div class=\"elementor-container elementor-column-gap-default\">\n\t\t\t\t\t<div class=\"elementor-column elementor-col-50 elementor-top-column elementor-element elementor-element-c6152b8\" data-id=\"c6152b8\" data-element_type=\"column\" data-e-type=\"column\">\n\t\t\t<div class=\"elementor-widget-wrap elementor-element-populated\">\n\t\t\t\t\t\t<div class=\"elementor-element elementor-element-36f635d elementor-widget elementor-widget-heading\" data-id=\"36f635d\" data-element_type=\"widget\" data-e-type=\"widget\" data-widget_type=\"heading.default\">\n\t\t\t\t<div class=\"elementor-widget-container\">\n\t\t\t\t\t<h2 class=\"elementor-heading-title elementor-size-default\">Imprint<\/h2>\t\t\t\t<\/div>\n\t\t\t\t<\/div>\n\t\t\t\t\t<\/div>\n\t\t<\/div>\n\t\t\t\t<div class=\"elementor-column elementor-col-50 elementor-top-column elementor-element elementor-element-b244589 elementor-hidden-tablet\" data-id=\"b244589\" data-element_type=\"column\" data-e-type=\"column\">\n\t\t\t<div class=\"elementor-widget-wrap\">\n\t\t\t\t\t\t\t<\/div>\n\t\t<\/div>\n\t\t\t\t\t<\/div>\n\t\t<\/section>\n\t\t\t\t<section class=\"elementor-section elementor-top-section elementor-element elementor-element-52c58c1 elementor-section-boxed elementor-section-height-default elementor-section-height-default\" data-id=\"52c58c1\" data-element_type=\"section\" data-e-type=\"section\">\n\t\t\t\t\t\t<div class=\"elementor-container elementor-column-gap-default\">\n\t\t\t\t\t<div class=\"elementor-column elementor-col-50 elementor-top-column elementor-element elementor-element-1dfd66b\" data-id=\"1dfd66b\" data-element_type=\"column\" data-e-type=\"column\">\n\t\t\t<div class=\"elementor-widget-wrap elementor-element-populated\">\n\t\t\t\t\t\t<div class=\"elementor-element elementor-element-786b59f elementor-widget elementor-widget-text-editor\" data-id=\"786b59f\" data-element_type=\"widget\" data-e-type=\"widget\" data-widget_type=\"text-editor.default\">\n\t\t\t\t<div class=\"elementor-widget-container\">\n\t\t\t\t\t\t\t\t\t<p>Responsible for this site<br \/>Hauser Office Design GmbH<br \/>Siemensallee 2<br \/>D-85586 Poing<\/p><p>Represented by:<br \/>Christian Racuteanu, Managing Director<\/p>\t\t\t\t\t\t\t\t<\/div>\n\t\t\t\t<\/div>\n\t\t\t\t\t<\/div>\n\t\t<\/div>\n\t\t\t\t<div class=\"elementor-column elementor-col-50 elementor-top-column elementor-element elementor-element-f727b00\" data-id=\"f727b00\" data-element_type=\"column\" data-e-type=\"column\">\n\t\t\t<div class=\"elementor-widget-wrap elementor-element-populated\">\n\t\t\t\t\t\t<div class=\"elementor-element elementor-element-898062b elementor-widget elementor-widget-text-editor\" data-id=\"898062b\" data-element_type=\"widget\" data-e-type=\"widget\" data-widget_type=\"text-editor.default\">\n\t\t\t\t<div class=\"elementor-widget-container\">\n\t\t\t\t\t\t\t\t\t<p>Register entry:<br \/>Entry in the commercial register\r\n<br \/>Register court: local court munich<br \/>Register number: HRB174 850<\/p><p>VAT ID:<br \/>Sales tax identification number according to \u00a727 a sales tax law: DE 261 339 080<\/p>\t\t\t\t\t\t\t\t<\/div>\n\t\t\t\t<\/div>\n\t\t\t\t\t<\/div>\n\t\t<\/div>\n\t\t\t\t\t<\/div>\n\t\t<\/section>\n\t\t\t\t<section class=\"elementor-section elementor-top-section elementor-element elementor-element-540afb5 elementor-section-boxed elementor-section-height-default elementor-section-height-default\" data-id=\"540afb5\" data-element_type=\"section\" data-e-type=\"section\">\n\t\t\t\t\t\t<div class=\"elementor-container elementor-column-gap-default\">\n\t\t\t\t\t<div class=\"elementor-column elementor-col-50 elementor-top-column elementor-element elementor-element-ba8c00a\" data-id=\"ba8c00a\" data-element_type=\"column\" data-e-type=\"column\">\n\t\t\t<div class=\"elementor-widget-wrap elementor-element-populated\">\n\t\t\t\t\t\t<div class=\"elementor-element elementor-element-094aacb elementor-widget elementor-widget-heading\" data-id=\"094aacb\" data-element_type=\"widget\" data-e-type=\"widget\" data-widget_type=\"heading.default\">\n\t\t\t\t<div class=\"elementor-widget-container\">\n\t\t\t\t\t<h2 class=\"elementor-heading-title elementor-size-default\">Contact:<\/h2>\t\t\t\t<\/div>\n\t\t\t\t<\/div>\n\t\t\t\t<div class=\"elementor-element elementor-element-98542dd elementor-widget elementor-widget-text-editor\" data-id=\"98542dd\" data-element_type=\"widget\" data-e-type=\"widget\" data-widget_type=\"text-editor.default\">\n\t\t\t\t<div class=\"elementor-widget-container\">\n\t\t\t\t\t\t\t\t\t<p>Tel.: +49 89 748 086 80<br \/>Fax: +49 89 748 086 868<br \/>E-Mail: <a id=\"mail\" href=\"mailto:officedesign@hauser.de\">officedesign@hauser.de<\/a><\/p>\t\t\t\t\t\t\t\t<\/div>\n\t\t\t\t<\/div>\n\t\t\t\t\t<\/div>\n\t\t<\/div>\n\t\t\t\t<div class=\"elementor-column elementor-col-50 elementor-top-column elementor-element elementor-element-ed972b9\" data-id=\"ed972b9\" data-element_type=\"column\" data-e-type=\"column\">\n\t\t\t<div class=\"elementor-widget-wrap\">\n\t\t\t\t\t\t\t<\/div>\n\t\t<\/div>\n\t\t\t\t\t<\/div>\n\t\t<\/section>\n\t\t\t\t<section class=\"elementor-section elementor-top-section elementor-element elementor-element-604c04a elementor-section-boxed elementor-section-height-default elementor-section-height-default\" data-id=\"604c04a\" data-element_type=\"section\" data-e-type=\"section\">\n\t\t\t\t\t\t<div class=\"elementor-container elementor-column-gap-default\">\n\t\t\t\t\t<div class=\"elementor-column elementor-col-50 elementor-top-column elementor-element elementor-element-4fd75f9\" data-id=\"4fd75f9\" data-element_type=\"column\" data-e-type=\"column\">\n\t\t\t<div class=\"elementor-widget-wrap elementor-element-populated\">\n\t\t\t\t\t\t<div class=\"elementor-element elementor-element-1fcfb9b elementor-widget elementor-widget-heading\" data-id=\"1fcfb9b\" data-element_type=\"widget\" data-e-type=\"widget\" data-widget_type=\"heading.default\">\n\t\t\t\t<div class=\"elementor-widget-container\">\n\t\t\t\t\t<h2 class=\"elementor-heading-title elementor-size-default\">Photo credits<\/h2>\t\t\t\t<\/div>\n\t\t\t\t<\/div>\n\t\t\t\t<div class=\"elementor-element elementor-element-de4e03a elementor-widget elementor-widget-text-editor\" data-id=\"de4e03a\" data-element_type=\"widget\" data-e-type=\"widget\" data-widget_type=\"text-editor.default\">\n\t\t\t\t<div class=\"elementor-widget-container\">\n\t\t\t\t\t\t\t\t\tMSD Objekt\r\nADRIAN BECK PHOTOGRAPHER \u00a9\t\t\t\t\t\t\t\t<\/div>\n\t\t\t\t<\/div>\n\t\t\t\t\t<\/div>\n\t\t<\/div>\n\t\t\t\t<div class=\"elementor-column elementor-col-50 elementor-top-column elementor-element elementor-element-a9de3d2\" data-id=\"a9de3d2\" data-element_type=\"column\" data-e-type=\"column\">\n\t\t\t<div class=\"elementor-widget-wrap\">\n\t\t\t\t\t\t\t<\/div>\n\t\t<\/div>\n\t\t\t\t\t<\/div>\n\t\t<\/section>\n\t\t\t\t<section class=\"elementor-section elementor-top-section elementor-element elementor-element-c4da8e2 elementor-section-boxed elementor-section-height-default elementor-section-height-default\" data-id=\"c4da8e2\" data-element_type=\"section\" data-e-type=\"section\">\n\t\t\t\t\t\t<div class=\"elementor-container elementor-column-gap-default\">\n\t\t\t\t\t<div class=\"elementor-column elementor-col-100 elementor-top-column elementor-element elementor-element-1a9bffc\" data-id=\"1a9bffc\" data-element_type=\"column\" data-e-type=\"column\">\n\t\t\t<div class=\"elementor-widget-wrap elementor-element-populated\">\n\t\t\t\t\t\t<div class=\"elementor-element elementor-element-25f0b2c elementor-widget elementor-widget-heading\" data-id=\"25f0b2c\" data-element_type=\"widget\" data-e-type=\"widget\" data-widget_type=\"heading.default\">\n\t\t\t\t<div class=\"elementor-widget-container\">\n\t\t\t\t\t<h2 class=\"elementor-heading-title elementor-size-default\">Liability for contents<\/h2>\t\t\t\t<\/div>\n\t\t\t\t<\/div>\n\t\t\t\t<div class=\"elementor-element elementor-element-cad5a70 elementor-widget elementor-widget-text-editor\" data-id=\"cad5a70\" data-element_type=\"widget\" data-e-type=\"widget\" data-widget_type=\"text-editor.default\">\n\t\t\t\t<div class=\"elementor-widget-container\">\n\t\t\t\t\t\t\t\t\tThe contents of our pages were created with the greatest care. For the correctness, completeness and topicality of the contents we can take over however no guarantee. As a service provider we are responsible according to \u00a7 7 Abs.1 TMG for our own contents on these pages according to the general laws. According to \u00a7\u00a7 8 to 10 TMG we are not obliged as a service provider to monitor transmitted or stored third-party information or to investigate circumstances that indicate illegal activity. Obligations to remove or block the use of information in accordance with general laws remain unaffected by this. However, liability in this respect is only possible from the time of knowledge of a concrete violation of the law. As soon as we become aware of such infringements, we will remove the content immediately.\t\t\t\t\t\t\t\t<\/div>\n\t\t\t\t<\/div>\n\t\t\t\t\t<\/div>\n\t\t<\/div>\n\t\t\t\t\t<\/div>\n\t\t<\/section>\n\t\t\t\t<section class=\"elementor-section elementor-top-section elementor-element elementor-element-6aaa066 elementor-section-boxed elementor-section-height-default elementor-section-height-default\" data-id=\"6aaa066\" data-element_type=\"section\" data-e-type=\"section\">\n\t\t\t\t\t\t<div class=\"elementor-container elementor-column-gap-default\">\n\t\t\t\t\t<div class=\"elementor-column elementor-col-100 elementor-top-column elementor-element elementor-element-b583057\" data-id=\"b583057\" data-element_type=\"column\" data-e-type=\"column\">\n\t\t\t<div class=\"elementor-widget-wrap elementor-element-populated\">\n\t\t\t\t\t\t<div class=\"elementor-element elementor-element-7c2b0c3 elementor-widget elementor-widget-heading\" data-id=\"7c2b0c3\" data-element_type=\"widget\" data-e-type=\"widget\" data-widget_type=\"heading.default\">\n\t\t\t\t<div class=\"elementor-widget-container\">\n\t\t\t\t\t<h2 class=\"elementor-heading-title elementor-size-default\">Liability for links<\/h2>\t\t\t\t<\/div>\n\t\t\t\t<\/div>\n\t\t\t\t<div class=\"elementor-element elementor-element-f095e88 elementor-widget elementor-widget-text-editor\" data-id=\"f095e88\" data-element_type=\"widget\" data-e-type=\"widget\" data-widget_type=\"text-editor.default\">\n\t\t\t\t<div class=\"elementor-widget-container\">\n\t\t\t\t\t\t\t\t\tOur offer contains links to external websites of third parties, on whose contents we have no influence. Therefore, we cannot assume any liability for these external contents. The respective provider or operator of the pages is always responsible for the contents of the linked pages. The linked pages were checked for possible legal infringements at the time of linking. Illegal contents were not recognisable at the time of linking. A permanent control of the contents of the linked pages is not reasonable without concrete evidence of an infringement. As soon as we become aware of any legal infringements, we will remove such links immediately.\t\t\t\t\t\t\t\t<\/div>\n\t\t\t\t<\/div>\n\t\t\t\t\t<\/div>\n\t\t<\/div>\n\t\t\t\t\t<\/div>\n\t\t<\/section>\n\t\t\t\t<section class=\"elementor-section elementor-top-section elementor-element elementor-element-55cf45c elementor-section-boxed elementor-section-height-default elementor-section-height-default\" data-id=\"55cf45c\" data-element_type=\"section\" data-e-type=\"section\">\n\t\t\t\t\t\t<div class=\"elementor-container elementor-column-gap-default\">\n\t\t\t\t\t<div class=\"elementor-column elementor-col-100 elementor-top-column elementor-element elementor-element-3582deb\" data-id=\"3582deb\" data-element_type=\"column\" data-e-type=\"column\">\n\t\t\t<div class=\"elementor-widget-wrap elementor-element-populated\">\n\t\t\t\t\t\t<div class=\"elementor-element elementor-element-b1e9d83 elementor-widget elementor-widget-heading\" data-id=\"b1e9d83\" data-element_type=\"widget\" data-e-type=\"widget\" data-widget_type=\"heading.default\">\n\t\t\t\t<div class=\"elementor-widget-container\">\n\t\t\t\t\t<h2 class=\"elementor-heading-title elementor-size-default\">Copyright<\/h2>\t\t\t\t<\/div>\n\t\t\t\t<\/div>\n\t\t\t\t<div class=\"elementor-element elementor-element-34cdf12 elementor-widget elementor-widget-text-editor\" data-id=\"34cdf12\" data-element_type=\"widget\" data-e-type=\"widget\" data-widget_type=\"text-editor.default\">\n\t\t\t\t<div class=\"elementor-widget-container\">\n\t\t\t\t\t\t\t\t\tThe contents and works on these pages created by the site operators are subject to German copyright law. Duplication, processing, distribution and any form of commercialization of such material beyond the scope of the copyright law shall require the prior written consent of its respective author or creator. Downloads and copies of these pages are only permitted for private, non-commercial use. Insofar as the content on this site was not created by the operator, the copyrights of third parties are respected. In particular, contents of third parties are marked as such. Should you nevertheless become aware of a copyright infringement, please inform us accordingly. As soon as we become aware of any infringements, we will remove such content immediately.\t\t\t\t\t\t\t\t<\/div>\n\t\t\t\t<\/div>\n\t\t\t\t\t<\/div>\n\t\t<\/div>\n\t\t\t\t\t<\/div>\n\t\t<\/section>\n\t\t\t\t<\/div>\n\t\t","protected":false},"excerpt":{"rendered":"<p>Imprint Responsible for this site Hauser Office Design GmbH Siemensallee 2 D-85586 Poing Represented by: Christian Racuteanu, Managing Director Register entry: Entry in the commercial register Register court: local court munich Register number: HRB174 850 VAT ID: Sales tax identification number according to \u00a727 a sales tax law: DE 261 339 080 Contact: Tel.: +49 [&hellip;]<\/p>\n","protected":false},"author":1,"featured_media":0,"parent":0,"menu_order":0,"comment_status":"closed","ping_status":"closed","template":"","meta":{"footnotes":""},"class_list":["post-5049","page","type-page","status-publish","hentry"],"yoast_head":"<!-- This site is optimized with the Yoast SEO Premium plugin v23.5 (Yoast SEO v27.5) - https:\/\/yoast.com\/product\/yoast-seo-premium-wordpress\/ -->\n<title>Legal | Hauser Office Design GmbH<\/title>\n<meta name=\"robots\" content=\"index, follow, max-snippet:-1, max-image-preview:large, max-video-preview:-1\" \/>\n<link rel=\"canonical\" href=\"https:\/\/www.hauser.de\/impressum\/\" \/>\n<meta property=\"og:locale\" content=\"en_US\" \/>\n<meta property=\"og:type\" content=\"article\" \/>\n<meta property=\"og:title\" content=\"Legal\" \/>\n<meta property=\"og:description\" content=\"Imprint Responsible for this site Hauser Office Design GmbH Siemensallee 2 D-85586 Poing Represented by: Christian Racuteanu, Managing Director Register entry: Entry in the commercial register Register court: local court munich Register number: HRB174 850 VAT ID: Sales tax identification number according to \u00a727 a sales tax law: DE 261 339 080 Contact: Tel.: +49 [&hellip;]\" \/>\n<meta property=\"og:url\" content=\"https:\/\/www.hauser.de\/impressum\/\" \/>\n<meta property=\"og:site_name\" content=\"Hauser Office Design GmbH\" \/>\n<meta property=\"article:publisher\" content=\"https:\/\/www.facebook.com\/happypeoplespace\/\" \/>\n<meta property=\"article:modified_time\" content=\"2022-07-06T13:22:21+00:00\" \/>\n<meta name=\"twitter:card\" content=\"summary_large_image\" \/>\n<meta name=\"twitter:label1\" content=\"Est. reading time\" \/>\n\t<meta name=\"twitter:data1\" content=\"2 minutes\" \/>\n<script type=\"application\/ld+json\" class=\"yoast-schema-graph\">{\"@context\":\"https:\\\/\\\/schema.org\",\"@graph\":[{\"@type\":\"WebPage\",\"@id\":\"https:\\\/\\\/www.hauser.de\\\/impressum\\\/\",\"url\":\"https:\\\/\\\/www.hauser.de\\\/impressum\\\/\",\"name\":\"Legal | Hauser Office Design GmbH\",\"isPartOf\":{\"@id\":\"https:\\\/\\\/www.hauser.de\\\/#website\"},\"datePublished\":\"2022-05-17T14:37:49+00:00\",\"dateModified\":\"2022-07-06T13:22:21+00:00\",\"breadcrumb\":{\"@id\":\"https:\\\/\\\/www.hauser.de\\\/impressum\\\/#breadcrumb\"},\"inLanguage\":\"en-US\",\"potentialAction\":[{\"@type\":\"ReadAction\",\"target\":[\"https:\\\/\\\/www.hauser.de\\\/impressum\\\/\"]}]},{\"@type\":\"BreadcrumbList\",\"@id\":\"https:\\\/\\\/www.hauser.de\\\/impressum\\\/#breadcrumb\",\"itemListElement\":[{\"@type\":\"ListItem\",\"position\":1,\"name\":\"Startseite\",\"item\":\"https:\\\/\\\/www.hauser.de\\\/en\\\/\"},{\"@type\":\"ListItem\",\"position\":2,\"name\":\"Legal\"}]},{\"@type\":\"WebSite\",\"@id\":\"https:\\\/\\\/www.hauser.de\\\/#website\",\"url\":\"https:\\\/\\\/www.hauser.de\\\/\",\"name\":\"Hauser Office Design GmbH\",\"description\":\"B\u00fcrom\u00f6bel und B\u00fcroeinrichtung M\u00fcnchen\",\"publisher\":{\"@id\":\"https:\\\/\\\/www.hauser.de\\\/#organization\"},\"potentialAction\":[{\"@type\":\"SearchAction\",\"target\":{\"@type\":\"EntryPoint\",\"urlTemplate\":\"https:\\\/\\\/www.hauser.de\\\/?s={search_term_string}\"},\"query-input\":{\"@type\":\"PropertyValueSpecification\",\"valueRequired\":true,\"valueName\":\"search_term_string\"}}],\"inLanguage\":\"en-US\"},{\"@type\":\"Organization\",\"@id\":\"https:\\\/\\\/www.hauser.de\\\/#organization\",\"name\":\"Hauser Office Design GmbH\",\"url\":\"https:\\\/\\\/www.hauser.de\\\/\",\"logo\":{\"@type\":\"ImageObject\",\"inLanguage\":\"en-US\",\"@id\":\"https:\\\/\\\/www.hauser.de\\\/#\\\/schema\\\/logo\\\/image\\\/\",\"url\":\"http:\\\/\\\/www.hauser.de\\\/wp-content\\\/uploads\\\/2022\\\/04\\\/cropped-favicon.png\",\"contentUrl\":\"http:\\\/\\\/www.hauser.de\\\/wp-content\\\/uploads\\\/2022\\\/04\\\/cropped-favicon.png\",\"width\":512,\"height\":512,\"caption\":\"Hauser Office Design GmbH\"},\"image\":{\"@id\":\"https:\\\/\\\/www.hauser.de\\\/#\\\/schema\\\/logo\\\/image\\\/\"},\"sameAs\":[\"https:\\\/\\\/www.facebook.com\\\/happypeoplespace\\\/\",\"https:\\\/\\\/de.linkedin.com\\\/company\\\/hauser-office-design-gmbh\",\"https:\\\/\\\/www.instagram.com\\\/hauseroffice\\\/\"]}]}<\/script>\n<!-- \/ Yoast SEO Premium plugin. -->","yoast_head_json":{"title":"Legal | Hauser Office Design GmbH","robots":{"index":"index","follow":"follow","max-snippet":"max-snippet:-1","max-image-preview":"max-image-preview:large","max-video-preview":"max-video-preview:-1"},"canonical":"https:\/\/www.hauser.de\/impressum\/","og_locale":"en_US","og_type":"article","og_title":"Legal","og_description":"Imprint Responsible for this site Hauser Office Design GmbH Siemensallee 2 D-85586 Poing Represented by: Christian Racuteanu, Managing Director Register entry: Entry in the commercial register Register court: local court munich Register number: HRB174 850 VAT ID: Sales tax identification number according to \u00a727 a sales tax law: DE 261 339 080 Contact: Tel.: +49 [&hellip;]","og_url":"https:\/\/www.hauser.de\/impressum\/","og_site_name":"Hauser Office Design GmbH","article_publisher":"https:\/\/www.facebook.com\/happypeoplespace\/","article_modified_time":"2022-07-06T13:22:21+00:00","twitter_card":"summary_large_image","twitter_misc":{"Est. reading time":"2 minutes"},"schema":{"@context":"https:\/\/schema.org","@graph":[{"@type":"WebPage","@id":"https:\/\/www.hauser.de\/impressum\/","url":"https:\/\/www.hauser.de\/impressum\/","name":"Legal | Hauser Office Design GmbH","isPartOf":{"@id":"https:\/\/www.hauser.de\/#website"},"datePublished":"2022-05-17T14:37:49+00:00","dateModified":"2022-07-06T13:22:21+00:00","breadcrumb":{"@id":"https:\/\/www.hauser.de\/impressum\/#breadcrumb"},"inLanguage":"en-US","potentialAction":[{"@type":"ReadAction","target":["https:\/\/www.hauser.de\/impressum\/"]}]},{"@type":"BreadcrumbList","@id":"https:\/\/www.hauser.de\/impressum\/#breadcrumb","itemListElement":[{"@type":"ListItem","position":1,"name":"Startseite","item":"https:\/\/www.hauser.de\/en\/"},{"@type":"ListItem","position":2,"name":"Legal"}]},{"@type":"WebSite","@id":"https:\/\/www.hauser.de\/#website","url":"https:\/\/www.hauser.de\/","name":"Hauser Office Design GmbH","description":"B\u00fcrom\u00f6bel und B\u00fcroeinrichtung M\u00fcnchen","publisher":{"@id":"https:\/\/www.hauser.de\/#organization"},"potentialAction":[{"@type":"SearchAction","target":{"@type":"EntryPoint","urlTemplate":"https:\/\/www.hauser.de\/?s={search_term_string}"},"query-input":{"@type":"PropertyValueSpecification","valueRequired":true,"valueName":"search_term_string"}}],"inLanguage":"en-US"},{"@type":"Organization","@id":"https:\/\/www.hauser.de\/#organization","name":"Hauser Office Design GmbH","url":"https:\/\/www.hauser.de\/","logo":{"@type":"ImageObject","inLanguage":"en-US","@id":"https:\/\/www.hauser.de\/#\/schema\/logo\/image\/","url":"http:\/\/www.hauser.de\/wp-content\/uploads\/2022\/04\/cropped-favicon.png","contentUrl":"http:\/\/www.hauser.de\/wp-content\/uploads\/2022\/04\/cropped-favicon.png","width":512,"height":512,"caption":"Hauser Office Design GmbH"},"image":{"@id":"https:\/\/www.hauser.de\/#\/schema\/logo\/image\/"},"sameAs":["https:\/\/www.facebook.com\/happypeoplespace\/","https:\/\/de.linkedin.com\/company\/hauser-office-design-gmbh","https:\/\/www.instagram.com\/hauseroffice\/"]}]}},"_links":{"self":[{"href":"https:\/\/www.hauser.de\/en\/wp-json\/wp\/v2\/pages\/5049","targetHints":{"allow":["GET"]}}],"collection":[{"href":"https:\/\/www.hauser.de\/en\/wp-json\/wp\/v2\/pages"}],"about":[{"href":"https:\/\/www.hauser.de\/en\/wp-json\/wp\/v2\/types\/page"}],"author":[{"embeddable":true,"href":"https:\/\/www.hauser.de\/en\/wp-json\/wp\/v2\/users\/1"}],"replies":[{"embeddable":true,"href":"https:\/\/www.hauser.de\/en\/wp-json\/wp\/v2\/comments?post=5049"}],"version-history":[{"count":0,"href":"https:\/\/www.hauser.de\/en\/wp-json\/wp\/v2\/pages\/5049\/revisions"}],"wp:attachment":[{"href":"https:\/\/www.hauser.de\/en\/wp-json\/wp\/v2\/media?parent=5049"}],"curies":[{"name":"wp","href":"https:\/\/api.w.org\/{rel}","templated":true}]}}